{"id":344,"date":"2016-12-09T10:08:30","date_gmt":"2016-12-09T10:08:30","guid":{"rendered":"https:\/\/stagin-gtpages.com\/artex\/?page_id=344"},"modified":"2025-12-09T14:14:52","modified_gmt":"2025-12-09T13:14:52","slug":"about-us-style-2","status":"publish","type":"page","link":"https:\/\/stagin-gtpages.com\/artex\/about-us-style-2\/","title":{"rendered":"R\u00f3lunk"},"content":{"rendered":"<div class=\"wpb-content-wrapper\"><p>[vc_row][vc_column][vc_empty_space height=&#8221;1.15em&#8221; alter_height=&#8221;none&#8221; hide_on_mobile=&#8221;&#8221; css=&#8221;.vc_custom_1759838593167{background-color: #FFFFFF !important;}&#8221;][\/vc_column][\/vc_row][vc_row css=&#8221;.vc_custom_1481541450719{background-image: url(https:\/\/stagin-gtpages.com\/artex\/wp-content\/uploads\/2016\/12\/w_back6.jpg?id=478) !important;background-position: center !important;background-repeat: no-repeat !important;background-size: cover !important;}&#8221;][vc_column width=&#8221;1\/2&#8243;][vc_single_image image=&#8221;1133&#8243; img_size=&#8221;full&#8221; css=&#8221;&#8221;][vc_separator css=&#8221;&#8221;][\/vc_column][vc_column width=&#8221;1\/2&#8243; css=&#8221;.vc_custom_1481815555979{margin-left: 50px !important;}&#8221; el_class=&#8221;margin_left_0&#8243;][vc_empty_space height=&#8221;0.35em&#8221; alter_height=&#8221;none&#8221; hide_on_mobile=&#8221;&#8221;][vc_custom_heading text=&#8221;Artex Logistic \u2013 Professzion\u00e1lis m\u0171t\u00e1rgysz\u00e1ll\u00edt\u00e1s 2008 \u00f3ta&#8221; font_container=&#8221;tag:h1|text_align:left|color:%238C0F32&#8243; use_theme_fonts=&#8221;yes&#8221; css=&#8221;.vc_custom_1765286112855{margin-top: 0px !important;margin-bottom: 0px !important;}&#8221;][vc_empty_space height=&#8221;2em&#8221; alter_height=&#8221;none&#8221; hide_on_mobile=&#8221;&#8221;][vc_column_text css=&#8221;&#8221;][\/vc_column_text][vc_empty_space height=&#8221;3em&#8221; alter_height=&#8221;none&#8221; hide_on_mobile=&#8221;&#8221;][\/vc_column][\/vc_row][vc_row][vc_column width=&#8221;2\/3&#8243;][vc_column_text css=&#8221;&#8221;]<\/p>\n<div dir=\"auto\">K\u00fclf\u00f6ldi szakmai tapasztalatainkra \u00e9p\u00edtve \u2013 Ausztri\u00e1ban saj\u00e1t\u00edtottuk el a professzion\u00e1lis m\u0171t\u00e1rgycsomagol\u00e1s \u00e9s l\u00e1dagy\u00e1rt\u00e1s technik\u00e1it \u2013 ma m\u00e1r olyan sz\u00ednvonalat k\u00e9pvisel\u00fcnk, amely \u00f6tv\u00f6zi a nemzetk\u00f6zi elv\u00e1r\u00e1sokat a magyar megb\u00edzhat\u00f3s\u00e1ggal.<\/div>\n<div dir=\"auto\"><\/div>\n<div dir=\"auto\">Minden m\u0171t\u00e1rgysz\u00e1ll\u00edt\u00e1si feladatot egyedileg tervez\u00fcnk meg, a m\u0171t\u00e1rgy t\u00edpus\u00e1hoz, m\u00e9ret\u00e9hez \u00e9s k\u00f6rnyezeti ig\u00e9nyeihez igazodva. Ig\u00e9ny szerint kl\u00edmal\u00e1d\u00e1kat is gy\u00e1rtunk, amelyek biztos\u00edtj\u00e1k az optim\u00e1lis h\u0151m\u00e9rs\u00e9kletet \u00e9s p\u00e1ratartalmat \u2013 \u00edgy a sz\u00e1ll\u00edt\u00e1s sor\u00e1n is garant\u00e1lt a m\u0171alkot\u00e1sok biztons\u00e1ga.<\/div>\n<div dir=\"auto\"><\/div>\n<div dir=\"auto\">Flott\u00e1nk szigetelt, k\u00e1rpitozott bels\u0151 ter\u0171 j\u00e1rm\u0171vekb\u0151l \u00e1ll, melyeket professzion\u00e1lis r\u00f6gz\u00edt\u0151elemekkel szerelt\u00fcnk fel. J\u00e1rm\u0171veink alkalmasak minden t\u00edpus\u00fa m\u0171t\u00e1rgy, festm\u00e9ny vagy szobor sz\u00e1ll\u00edt\u00e1s\u00e1ra, ak\u00e1r belf\u00f6ld\u00f6n, ak\u00e1r nemzetk\u00f6zi viszonylatban.<\/div>\n<div dir=\"auto\"><\/div>\n<div dir=\"auto\">\u00dcgyfeleink k\u00f6z\u00f6tt megtal\u00e1lhat\u00f3k m\u00fazeumok, gal\u00e9ri\u00e1k, aukci\u00f3sh\u00e1zak \u00e9s mag\u00e1ngy\u0171jt\u0151k is \u2013 akik mind a biztons\u00e1gos, pontos \u00e9s diszkr\u00e9t m\u0171t\u00e1rgysz\u00e1ll\u00edt\u00e1s miatt v\u00e1lasztanak minket.<\/div>\n<div dir=\"auto\"><\/div>\n<div dir=\"auto\">C\u00e9g\u00fcnk rendelkezik m\u0171t\u00e1rgybiztos\u00edt\u00e1ssal, amely a sz\u00e1ll\u00edt\u00e1sok t\u00f6bbs\u00e9g\u00e9re kiterjed. Nagyobb \u00e9rt\u00e9k\u0171 vagy k\u00fcl\u00f6n\u00f6sen ritka m\u0171t\u00e1rgyak eset\u00e9ben egyedi biztos\u00edt\u00e1st k\u00f6t\u00fcnk, hogy minden k\u00f6r\u00fclm\u00e9nyek k\u00f6z\u00f6tt maxim\u00e1lis v\u00e9delmet ny\u00fajtsunk a r\u00e1nk b\u00edzott alkot\u00e1soknak.<\/div>\n<div dir=\"auto\"><\/div>\n<div dir=\"auto\">Az Artex Logistic sz\u00e1m\u00e1ra a m\u0171t\u00e1rgysz\u00e1ll\u00edt\u00e1s nem csup\u00e1n logisztika \u2013 hanem felel\u0151ss\u00e9g, szakmai al\u00e1zat \u00e9s bizalom. Tudjuk, hogy amit r\u00e1nk b\u00edznak, az nem csup\u00e1n t\u00e1rgy, hanem \u00f6r\u00f6ks\u00e9g \u00e9s \u00e9rt\u00e9k, ez\u00e9rt minden sz\u00e1ll\u00edt\u00e1st a legnagyobb gondoss\u00e1ggal \u00e9s profizmussal v\u00e9gz\u00fcnk.<\/div>\n<div dir=\"auto\"><\/div>\n<p>[\/vc_column_text][\/vc_column][vc_column width=&#8221;1\/3&#8243;][vc_row_inner][vc_column_inner][vc_empty_space height=&#8221;15px&#8221; alter_height=&#8221;none&#8221; hide_on_mobile=&#8221;&#8221;][vc_column_text css=&#8221;&#8221;]<\/p>\n<ul class=\"trx_addons_list trx_addons_list_success\">\n<li>2008 \u00f3ta<\/li>\n<li>Szakszer\u0171en<\/li>\n<li>Professzion\u00e1lisan<\/li>\n<\/ul>\n<p>[\/vc_column_text][\/vc_column_inner][\/vc_row_inner][vc_empty_space height=&#8221;3.2em&#8221; alter_height=&#8221;none&#8221; hide_on_mobile=&#8221;&#8221;][\/vc_column][\/vc_row][vc_row][vc_column][vc_empty_space height=&#8221;2.3em&#8221; alter_height=&#8221;none&#8221; hide_on_mobile=&#8221;&#8221;][vc_empty_space height=&#8221;5.4em&#8221; alter_height=&#8221;none&#8221; hide_on_mobile=&#8221;1&#8243;][\/vc_column][\/vc_row][vc_row][vc_column width=&#8221;1\/4&#8243;][vc_empty_space height=&#8221;0.45em&#8221; alter_height=&#8221;none&#8221; hide_on_mobile=&#8221;&#8221;][vc_empty_space height=&#8221;2.25em&#8221; alter_height=&#8221;none&#8221; hide_on_mobile=&#8221;&#8221;][vc_empty_space height=&#8221;3.5em&#8221; alter_height=&#8221;none&#8221; hide_on_mobile=&#8221;&#8221;][vc_empty_space height=&#8221;3.8em&#8221; alter_height=&#8221;none&#8221; hide_on_mobile=&#8221;&#8221;][vc_empty_space height=&#8221;0.45em&#8221; alter_height=&#8221;none&#8221; hide_on_mobile=&#8221;&#8221;][\/vc_column][vc_column width=&#8221;1\/2&#8243;][vc_custom_heading text=&#8221;Csapat&#8221; font_container=&#8221;tag:h1|text_align:center|color:%238C0F32&#8243; use_theme_fonts=&#8221;yes&#8221; css=&#8221;.vc_custom_1765286125279{margin-top: 0px !important;margin-bottom: 0px !important;}&#8221;][vc_empty_space hide_on_mobile=&#8221;&#8221;]<div class=\"sc_team sc_team_short\" data-slides-per-view=\"2\" data-slides-min-width=\"150\"\t\t>\n\t\t<div class=\"sc_team_columns sc_item_columns trx_addons_columns_wrap columns_padding_bottom\"><div class=\"trx_addons_column-1_2\"><div class=\"sc_team_item\">\n\t<div class=\"post_featured sc_team_item_thumb trx_addons_hover trx_addons_hover_style_zoomin\">\n\t\t\t\t\t\t\t\t\t\t<a href=\"https:\/\/stagin-gtpages.com\/artex\/team\/steve-starnes\/\" aria-hidden=\"true\"><img loading=\"lazy\" decoding=\"async\" width=\"370\" height=\"370\" src=\"https:\/\/stagin-gtpages.com\/artex\/wp-content\/uploads\/2016\/12\/1000014976-370x370.jpg\" class=\"attachment-trx_addons-thumb-avatar size-trx_addons-thumb-avatar wp-post-image\" alt=\"Radosty\u00e1n Henrik\" srcset=\"https:\/\/stagin-gtpages.com\/artex\/wp-content\/uploads\/2016\/12\/1000014976-370x370.jpg 370w, https:\/\/stagin-gtpages.com\/artex\/wp-content\/uploads\/2016\/12\/1000014976-300x300.jpg 300w, https:\/\/stagin-gtpages.com\/artex\/wp-content\/uploads\/2016\/12\/1000014976-90x90.jpg 90w, https:\/\/stagin-gtpages.com\/artex\/wp-content\/uploads\/2016\/12\/1000014976-100x100.jpg 100w\" sizes=\"auto, (max-width: 370px) 100vw, 370px\" \/><\/a>\n\t\t\t\t\t<div class=\"trx_addons_hover_mask\"><\/div><div class=\"trx_addons_hover_content\">\n\t\t\t\t\t\t\t\t<a href=\"\" class=\"trx_addons_hover_icon trx_addons_hover_icon_link\"><\/a>\n\t\t\t\t\t\t\t\t<a href=\"https:\/\/stagin-gtpages.com\/artex\/wp-content\/uploads\/2016\/12\/1000014976-740x416.jpg\" class=\"trx_addons_hover_icon trx_addons_hover_icon_zoom\"><\/a>\n\t\t\t\t\t\t\t<\/div><\/div>\t<div class=\"sc_team_item_info\">\n\t\t<div class=\"sc_team_item_header\">\n\t\t\t<h4 class=\"sc_team_item_title\"><a href=\"https:\/\/stagin-gtpages.com\/artex\/team\/steve-starnes\/\">Radosty\u00e1n Henrik<\/a><\/h4>\n\t\t\t<div class=\"sc_team_item_subtitle\">Szakmai Vezet\u0151<\/div>\n\t\t<\/div>\n\t<\/div>\n<\/div>\n<\/div><div class=\"trx_addons_column-1_2\"><div class=\"sc_team_item\">\n\t<div class=\"post_featured sc_team_item_thumb trx_addons_hover trx_addons_hover_style_zoomin\">\n\t\t\t\t\t\t\t\t\t\t<a href=\"https:\/\/stagin-gtpages.com\/artex\/team\/minnie-lott\/\" aria-hidden=\"true\"><img loading=\"lazy\" decoding=\"async\" width=\"370\" height=\"370\" src=\"https:\/\/stagin-gtpages.com\/artex\/wp-content\/uploads\/2016\/12\/1000014981-370x370.jpg\" class=\"attachment-trx_addons-thumb-avatar size-trx_addons-thumb-avatar wp-post-image\" alt=\"T\u00f3th Csaba\" srcset=\"https:\/\/stagin-gtpages.com\/artex\/wp-content\/uploads\/2016\/12\/1000014981-370x370.jpg 370w, https:\/\/stagin-gtpages.com\/artex\/wp-content\/uploads\/2016\/12\/1000014981-300x300.jpg 300w, https:\/\/stagin-gtpages.com\/artex\/wp-content\/uploads\/2016\/12\/1000014981-90x90.jpg 90w, https:\/\/stagin-gtpages.com\/artex\/wp-content\/uploads\/2016\/12\/1000014981-100x100.jpg 100w\" sizes=\"auto, (max-width: 370px) 100vw, 370px\" \/><\/a>\n\t\t\t\t\t<div class=\"trx_addons_hover_mask\"><\/div><div class=\"trx_addons_hover_content\">\n\t\t\t\t\t\t\t\t<a href=\"\" class=\"trx_addons_hover_icon trx_addons_hover_icon_link\"><\/a>\n\t\t\t\t\t\t\t\t<a href=\"https:\/\/stagin-gtpages.com\/artex\/wp-content\/uploads\/2016\/12\/1000014981-740x416.jpg\" class=\"trx_addons_hover_icon trx_addons_hover_icon_zoom\"><\/a>\n\t\t\t\t\t\t\t<\/div><\/div>\t<div class=\"sc_team_item_info\">\n\t\t<div class=\"sc_team_item_header\">\n\t\t\t<h4 class=\"sc_team_item_title\"><a href=\"https:\/\/stagin-gtpages.com\/artex\/team\/minnie-lott\/\">T\u00f3th Csaba<\/a><\/h4>\n\t\t\t<div class=\"sc_team_item_subtitle\">Egy\u00e9ni v\u00e1llalkoz\u00f3<\/div>\n\t\t<\/div>\n\t<\/div>\n<\/div>\n<\/div><\/div><\/div><!-- \/.sc_team -->[\/vc_column][vc_column width=&#8221;1\/4&#8243;][\/vc_column][\/vc_row]<\/p>\n<\/div>","protected":false},"excerpt":{"rendered":"<p>[vc_row][vc_column][vc_empty_space height=&#8221;1.15em&#8221; alter_height=&#8221;none&#8221; hide_on_mobile=&#8221;&#8221; css=&#8221;.vc_custom_1759838593167{background-color: #FFFFFF !important;}&#8221;][\/vc_column][\/vc_row][vc_row css=&#8221;.vc_custom_1481541450719{background-image: url(https:\/\/stagin-gtpages.com\/artex\/wp-content\/uploads\/2016\/12\/w_back6.jpg?id=478) !important;background-position: center !important;background-repeat: no-repeat !important;background-size: cover !important;}&#8221;][vc_column width=&#8221;1\/2&#8243;][vc_single_image image=&#8221;1133&#8243; img_size=&#8221;full&#8221; css=&#8221;&#8221;][vc_separator css=&#8221;&#8221;][\/vc_column][vc_column width=&#8221;1\/2&#8243; css=&#8221;.vc_custom_1481815555979{margin-left: 50px !important;}&#8221; el_class=&#8221;margin_left_0&#8243;][vc_empty_space height=&#8221;0.35em&#8221; alter_height=&#8221;none&#8221; hide_on_mobile=&#8221;&#8221;][vc_custom_heading text=&#8221;Artex Logistic \u2013 Professzion\u00e1lis m\u0171t\u00e1rgysz\u00e1ll\u00edt\u00e1s 2008 \u00f3ta&#8221; font_container=&#8221;tag:h1|text_align:left|color:%238C0F32&#8243; use_theme_fonts=&#8221;yes&#8221; css=&#8221;.vc_custom_1765286112855{margin-top: 0px&hellip;<\/p>\n","protected":false},"author":1,"featured_media":0,"parent":0,"menu_order":0,"comment_status":"closed","ping_status":"closed","template":"","meta":{"inline_featured_image":false,"footnotes":""},"class_list":["post-344","page","type-page","status-publish","hentry"],"yoast_head":"<!-- This site is optimized with the Yoast SEO plugin v27.4 - https:\/\/yoast.com\/product\/yoast-seo-wordpress\/ -->\n<title>R\u00f3lunk - Artex<\/title>\n<meta name=\"robots\" content=\"index, follow, max-snippet:-1, max-image-preview:large, max-video-preview:-1\" \/>\n<link rel=\"canonical\" href=\"https:\/\/www.artexlogistic.hu\/about-us-style-2\/\" \/>\n<meta property=\"og:locale\" content=\"hu_HU\" \/>\n<meta property=\"og:type\" content=\"article\" \/>\n<meta property=\"og:title\" content=\"R\u00f3lunk - Artex\" \/>\n<meta property=\"og:description\" content=\"[vc_row][vc_column][vc_empty_space height=&#8221;1.15em&#8221; alter_height=&#8221;none&#8221; hide_on_mobile=&#8221;&#8221; css=&#8221;.vc_custom_1759838593167{background-color: #FFFFFF !important;}&#8221;][\/vc_column][\/vc_row][vc_row css=&#8221;.vc_custom_1481541450719{background-image: url(https:\/\/stagin-gtpages.com\/artex\/wp-content\/uploads\/2016\/12\/w_back6.jpg?id=478) !important;background-position: center !important;background-repeat: no-repeat !important;background-size: cover !important;}&#8221;][vc_column width=&#8221;1\/2&#8243;][vc_single_image image=&#8221;1133&#8243; img_size=&#8221;full&#8221; css=&#8221;&#8221;][vc_separator css=&#8221;&#8221;][\/vc_column][vc_column width=&#8221;1\/2&#8243; css=&#8221;.vc_custom_1481815555979{margin-left: 50px !important;}&#8221; el_class=&#8221;margin_left_0&#8243;][vc_empty_space height=&#8221;0.35em&#8221; alter_height=&#8221;none&#8221; hide_on_mobile=&#8221;&#8221;][vc_custom_heading text=&#8221;Artex Logistic \u2013 Professzion\u00e1lis m\u0171t\u00e1rgysz\u00e1ll\u00edt\u00e1s 2008 \u00f3ta&#8221; font_container=&#8221;tag:h1|text_align:left|color:%238C0F32&#8243; use_theme_fonts=&#8221;yes&#8221; css=&#8221;.vc_custom_1765286112855{margin-top: 0px&hellip;\" \/>\n<meta property=\"og:url\" content=\"https:\/\/www.artexlogistic.hu\/about-us-style-2\/\" \/>\n<meta property=\"og:site_name\" content=\"Artex\" \/>\n<meta property=\"article:modified_time\" content=\"2025-12-09T13:14:52+00:00\" \/>\n<meta name=\"twitter:card\" content=\"summary_large_image\" \/>\n<meta name=\"twitter:label1\" content=\"Becs\u00fclt olvas\u00e1si id\u0151\" \/>\n\t<meta name=\"twitter:data1\" content=\"4 perc\" \/>\n<script type=\"application\/ld+json\" class=\"yoast-schema-graph\">{\"@context\":\"https:\\\/\\\/schema.org\",\"@graph\":[{\"@type\":\"WebPage\",\"@id\":\"https:\\\/\\\/www.artexlogistic.hu\\\/about-us-style-2\\\/\",\"url\":\"https:\\\/\\\/www.artexlogistic.hu\\\/about-us-style-2\\\/\",\"name\":\"R\u00f3lunk - Artex\",\"isPartOf\":{\"@id\":\"https:\\\/\\\/stagin-gtpages.com\\\/artex\\\/#website\"},\"datePublished\":\"2016-12-09T10:08:30+00:00\",\"dateModified\":\"2025-12-09T13:14:52+00:00\",\"breadcrumb\":{\"@id\":\"https:\\\/\\\/www.artexlogistic.hu\\\/about-us-style-2\\\/#breadcrumb\"},\"inLanguage\":\"hu\",\"potentialAction\":[{\"@type\":\"ReadAction\",\"target\":[\"https:\\\/\\\/www.artexlogistic.hu\\\/about-us-style-2\\\/\"]}]},{\"@type\":\"BreadcrumbList\",\"@id\":\"https:\\\/\\\/www.artexlogistic.hu\\\/about-us-style-2\\\/#breadcrumb\",\"itemListElement\":[{\"@type\":\"ListItem\",\"position\":1,\"name\":\"Home\",\"item\":\"https:\\\/\\\/stagin-gtpages.com\\\/artex\\\/\"},{\"@type\":\"ListItem\",\"position\":2,\"name\":\"R\u00f3lunk\"}]},{\"@type\":\"WebSite\",\"@id\":\"https:\\\/\\\/stagin-gtpages.com\\\/artex\\\/#website\",\"url\":\"https:\\\/\\\/stagin-gtpages.com\\\/artex\\\/\",\"name\":\"Artex\",\"description\":\"M\u0171t\u00e1rgysz\u00e1ll\u00edt\u00e1s\",\"publisher\":{\"@id\":\"https:\\\/\\\/stagin-gtpages.com\\\/artex\\\/#organization\"},\"potentialAction\":[{\"@type\":\"SearchAction\",\"target\":{\"@type\":\"EntryPoint\",\"urlTemplate\":\"https:\\\/\\\/stagin-gtpages.com\\\/artex\\\/?s={search_term_string}\"},\"query-input\":{\"@type\":\"PropertyValueSpecification\",\"valueRequired\":true,\"valueName\":\"search_term_string\"}}],\"inLanguage\":\"hu\"},{\"@type\":\"Organization\",\"@id\":\"https:\\\/\\\/stagin-gtpages.com\\\/artex\\\/#organization\",\"name\":\"Artex\",\"url\":\"https:\\\/\\\/stagin-gtpages.com\\\/artex\\\/\",\"logo\":{\"@type\":\"ImageObject\",\"inLanguage\":\"hu\",\"@id\":\"https:\\\/\\\/stagin-gtpages.com\\\/artex\\\/#\\\/schema\\\/logo\\\/image\\\/\",\"url\":\"https:\\\/\\\/stagin-gtpages.com\\\/artex\\\/wp-content\\\/uploads\\\/2025\\\/11\\\/cropped-logo_bordo_white_bg-1.png\",\"contentUrl\":\"https:\\\/\\\/stagin-gtpages.com\\\/artex\\\/wp-content\\\/uploads\\\/2025\\\/11\\\/cropped-logo_bordo_white_bg-1.png\",\"width\":434,\"height\":360,\"caption\":\"Artex\"},\"image\":{\"@id\":\"https:\\\/\\\/stagin-gtpages.com\\\/artex\\\/#\\\/schema\\\/logo\\\/image\\\/\"}}]}<\/script>\n<!-- \/ Yoast SEO plugin. -->","yoast_head_json":{"title":"R\u00f3lunk - Artex","robots":{"index":"index","follow":"follow","max-snippet":"max-snippet:-1","max-image-preview":"max-image-preview:large","max-video-preview":"max-video-preview:-1"},"canonical":"https:\/\/www.artexlogistic.hu\/about-us-style-2\/","og_locale":"hu_HU","og_type":"article","og_title":"R\u00f3lunk - Artex","og_description":"[vc_row][vc_column][vc_empty_space height=&#8221;1.15em&#8221; alter_height=&#8221;none&#8221; hide_on_mobile=&#8221;&#8221; css=&#8221;.vc_custom_1759838593167{background-color: #FFFFFF !important;}&#8221;][\/vc_column][\/vc_row][vc_row css=&#8221;.vc_custom_1481541450719{background-image: url(https:\/\/stagin-gtpages.com\/artex\/wp-content\/uploads\/2016\/12\/w_back6.jpg?id=478) !important;background-position: center !important;background-repeat: no-repeat !important;background-size: cover !important;}&#8221;][vc_column width=&#8221;1\/2&#8243;][vc_single_image image=&#8221;1133&#8243; img_size=&#8221;full&#8221; css=&#8221;&#8221;][vc_separator css=&#8221;&#8221;][\/vc_column][vc_column width=&#8221;1\/2&#8243; css=&#8221;.vc_custom_1481815555979{margin-left: 50px !important;}&#8221; el_class=&#8221;margin_left_0&#8243;][vc_empty_space height=&#8221;0.35em&#8221; alter_height=&#8221;none&#8221; hide_on_mobile=&#8221;&#8221;][vc_custom_heading text=&#8221;Artex Logistic \u2013 Professzion\u00e1lis m\u0171t\u00e1rgysz\u00e1ll\u00edt\u00e1s 2008 \u00f3ta&#8221; font_container=&#8221;tag:h1|text_align:left|color:%238C0F32&#8243; use_theme_fonts=&#8221;yes&#8221; css=&#8221;.vc_custom_1765286112855{margin-top: 0px&hellip;","og_url":"https:\/\/www.artexlogistic.hu\/about-us-style-2\/","og_site_name":"Artex","article_modified_time":"2025-12-09T13:14:52+00:00","twitter_card":"summary_large_image","twitter_misc":{"Becs\u00fclt olvas\u00e1si id\u0151":"4 perc"},"schema":{"@context":"https:\/\/schema.org","@graph":[{"@type":"WebPage","@id":"https:\/\/www.artexlogistic.hu\/about-us-style-2\/","url":"https:\/\/www.artexlogistic.hu\/about-us-style-2\/","name":"R\u00f3lunk - Artex","isPartOf":{"@id":"https:\/\/stagin-gtpages.com\/artex\/#website"},"datePublished":"2016-12-09T10:08:30+00:00","dateModified":"2025-12-09T13:14:52+00:00","breadcrumb":{"@id":"https:\/\/www.artexlogistic.hu\/about-us-style-2\/#breadcrumb"},"inLanguage":"hu","potentialAction":[{"@type":"ReadAction","target":["https:\/\/www.artexlogistic.hu\/about-us-style-2\/"]}]},{"@type":"BreadcrumbList","@id":"https:\/\/www.artexlogistic.hu\/about-us-style-2\/#breadcrumb","itemListElement":[{"@type":"ListItem","position":1,"name":"Home","item":"https:\/\/stagin-gtpages.com\/artex\/"},{"@type":"ListItem","position":2,"name":"R\u00f3lunk"}]},{"@type":"WebSite","@id":"https:\/\/stagin-gtpages.com\/artex\/#website","url":"https:\/\/stagin-gtpages.com\/artex\/","name":"Artex","description":"M\u0171t\u00e1rgysz\u00e1ll\u00edt\u00e1s","publisher":{"@id":"https:\/\/stagin-gtpages.com\/artex\/#organization"},"potentialAction":[{"@type":"SearchAction","target":{"@type":"EntryPoint","urlTemplate":"https:\/\/stagin-gtpages.com\/artex\/?s={search_term_string}"},"query-input":{"@type":"PropertyValueSpecification","valueRequired":true,"valueName":"search_term_string"}}],"inLanguage":"hu"},{"@type":"Organization","@id":"https:\/\/stagin-gtpages.com\/artex\/#organization","name":"Artex","url":"https:\/\/stagin-gtpages.com\/artex\/","logo":{"@type":"ImageObject","inLanguage":"hu","@id":"https:\/\/stagin-gtpages.com\/artex\/#\/schema\/logo\/image\/","url":"https:\/\/stagin-gtpages.com\/artex\/wp-content\/uploads\/2025\/11\/cropped-logo_bordo_white_bg-1.png","contentUrl":"https:\/\/stagin-gtpages.com\/artex\/wp-content\/uploads\/2025\/11\/cropped-logo_bordo_white_bg-1.png","width":434,"height":360,"caption":"Artex"},"image":{"@id":"https:\/\/stagin-gtpages.com\/artex\/#\/schema\/logo\/image\/"}}]}},"_links":{"self":[{"href":"https:\/\/stagin-gtpages.com\/artex\/wp-json\/wp\/v2\/pages\/344","targetHints":{"allow":["GET"]}}],"collection":[{"href":"https:\/\/stagin-gtpages.com\/artex\/wp-json\/wp\/v2\/pages"}],"about":[{"href":"https:\/\/stagin-gtpages.com\/artex\/wp-json\/wp\/v2\/types\/page"}],"author":[{"embeddable":true,"href":"https:\/\/stagin-gtpages.com\/artex\/wp-json\/wp\/v2\/users\/1"}],"replies":[{"embeddable":true,"href":"https:\/\/stagin-gtpages.com\/artex\/wp-json\/wp\/v2\/comments?post=344"}],"version-history":[{"count":10,"href":"https:\/\/stagin-gtpages.com\/artex\/wp-json\/wp\/v2\/pages\/344\/revisions"}],"predecessor-version":[{"id":1176,"href":"https:\/\/stagin-gtpages.com\/artex\/wp-json\/wp\/v2\/pages\/344\/revisions\/1176"}],"wp:attachment":[{"href":"https:\/\/stagin-gtpages.com\/artex\/wp-json\/wp\/v2\/media?parent=344"}],"curies":[{"name":"wp","href":"https:\/\/api.w.org\/{rel}","templated":true}]}}