{"id":43,"date":"2016-12-02T15:02:28","date_gmt":"2016-12-02T15:02:28","guid":{"rendered":"https:\/\/stagin-gtpages.com\/artex\/?page_id=43"},"modified":"2025-11-19T17:32:46","modified_gmt":"2025-11-19T16:32:46","slug":"contacts","status":"publish","type":"page","link":"https:\/\/stagin-gtpages.com\/artex\/contacts\/","title":{"rendered":"Kapcsolat"},"content":{"rendered":"<div class=\"wpb-content-wrapper\"><p>[vc_row][vc_column][\/vc_column][\/vc_row][vc_row][vc_column width=&#8221;1\/3&#8243;][\/vc_column][vc_column width=&#8221;1\/3&#8243;][vc_empty_space height=&#8221;0.75em&#8221; alter_height=&#8221;none&#8221; hide_on_mobile=&#8221;&#8221;][vc_custom_heading text=&#8221;Kapcsolat&#8221; font_container=&#8221;tag:h4|text_align:center&#8221; use_theme_fonts=&#8221;yes&#8221; css=&#8221;&#8221;][vc_column_text css=&#8221;&#8221;]<\/p>\n<p style=\"text-align: center;\">Artex Logistic<br \/>\nnemzetk\u00f6zi m\u0171t\u00e1rgysz\u00e1ll\u00edt\u00e1s<\/p>\n<p>[\/vc_column_text][vc_empty_space height=&#8221;22px&#8221; alter_height=&#8221;none&#8221; hide_on_mobile=&#8221;&#8221;][vc_column_text css=&#8221;&#8221;]<\/p>\n<p style=\"text-align: center;\">Radosty\u00e1n Henrik<br \/>\nSzakmai Ir\u00e1ny\u00edt\u00f3<br \/>\n+36 30 341 9643<br \/>\n<a href=\"mailto:kapcsolat@artexlogistic.hu\" target=\"_blank\" rel=\"noopener\">kapcsolat@artexlogistic.hu<\/a><\/p>\n<p>[\/vc_column_text][vc_empty_space height=&#8221;20px&#8221; alter_height=&#8221;none&#8221; hide_on_mobile=&#8221;&#8221;][\/vc_column][vc_column width=&#8221;1\/3&#8243;][\/vc_column][\/vc_row][vc_row][vc_column][vc_empty_space height=&#8221;2.2em&#8221; alter_height=&#8221;none&#8221; hide_on_mobile=&#8221;&#8221;][vc_empty_space height=&#8221;6em&#8221; alter_height=&#8221;none&#8221; hide_on_mobile=&#8221;1&#8243;][\/vc_column][\/vc_row]<\/p>\n<\/div>","protected":false},"excerpt":{"rendered":"<p>[vc_row][vc_column][\/vc_column][\/vc_row][vc_row][vc_column width=&#8221;1\/3&#8243;][\/vc_column][vc_column width=&#8221;1\/3&#8243;][vc_empty_space height=&#8221;0.75em&#8221; alter_height=&#8221;none&#8221; hide_on_mobile=&#8221;&#8221;][vc_custom_heading text=&#8221;Kapcsolat&#8221; font_container=&#8221;tag:h4|text_align:center&#8221; use_theme_fonts=&#8221;yes&#8221; css=&#8221;&#8221;][vc_column_text css=&#8221;&#8221;] Artex Logistic nemzetk\u00f6zi m\u0171t\u00e1rgysz\u00e1ll\u00edt\u00e1s [\/vc_column_text][vc_empty_space height=&#8221;22px&#8221; alter_height=&#8221;none&#8221; hide_on_mobile=&#8221;&#8221;][vc_column_text css=&#8221;&#8221;] Radosty\u00e1n Henrik Szakmai Ir\u00e1ny\u00edt\u00f3 +36 30 341 9643 kapcsolat@artexlogistic.hu [\/vc_column_text][vc_empty_space height=&#8221;20px&#8221; alter_height=&#8221;none&#8221; hide_on_mobile=&#8221;&#8221;][\/vc_column][vc_column width=&#8221;1\/3&#8243;][\/vc_column][\/vc_row][vc_row][vc_column][vc_empty_space height=&#8221;2.2em&#8221; alter_height=&#8221;none&#8221; hide_on_mobile=&#8221;&#8221;][vc_empty_space height=&#8221;6em&#8221; alter_height=&#8221;none&#8221; hide_on_mobile=&#8221;1&#8243;][\/vc_column][\/vc_row]<\/p>\n","protected":false},"author":1,"featured_media":0,"parent":0,"menu_order":0,"comment_status":"closed","ping_status":"closed","template":"","meta":{"inline_featured_image":false,"footnotes":""},"class_list":["post-43","page","type-page","status-publish","hentry"],"yoast_head":"<!-- This site is optimized with the Yoast SEO plugin v27.4 - https:\/\/yoast.com\/product\/yoast-seo-wordpress\/ -->\n<title>Kapcsolat - Artex<\/title>\n<meta name=\"robots\" content=\"index, follow, max-snippet:-1, max-image-preview:large, max-video-preview:-1\" \/>\n<link rel=\"canonical\" href=\"https:\/\/www.artexlogistic.hu\/contacts\/\" \/>\n<meta property=\"og:locale\" content=\"hu_HU\" \/>\n<meta property=\"og:type\" content=\"article\" \/>\n<meta property=\"og:title\" content=\"Kapcsolat - Artex\" \/>\n<meta property=\"og:description\" content=\"[vc_row][vc_column][\/vc_column][\/vc_row][vc_row][vc_column width=&#8221;1\/3&#8243;][\/vc_column][vc_column width=&#8221;1\/3&#8243;][vc_empty_space height=&#8221;0.75em&#8221; alter_height=&#8221;none&#8221; hide_on_mobile=&#8221;&#8221;][vc_custom_heading text=&#8221;Kapcsolat&#8221; font_container=&#8221;tag:h4|text_align:center&#8221; use_theme_fonts=&#8221;yes&#8221; css=&#8221;&#8221;][vc_column_text css=&#8221;&#8221;] Artex Logistic nemzetk\u00f6zi m\u0171t\u00e1rgysz\u00e1ll\u00edt\u00e1s [\/vc_column_text][vc_empty_space height=&#8221;22px&#8221; alter_height=&#8221;none&#8221; hide_on_mobile=&#8221;&#8221;][vc_column_text css=&#8221;&#8221;] Radosty\u00e1n Henrik Szakmai Ir\u00e1ny\u00edt\u00f3 +36 30 341 9643 kapcsolat@artexlogistic.hu [\/vc_column_text][vc_empty_space height=&#8221;20px&#8221; alter_height=&#8221;none&#8221; hide_on_mobile=&#8221;&#8221;][\/vc_column][vc_column width=&#8221;1\/3&#8243;][\/vc_column][\/vc_row][vc_row][vc_column][vc_empty_space height=&#8221;2.2em&#8221; alter_height=&#8221;none&#8221; hide_on_mobile=&#8221;&#8221;][vc_empty_space height=&#8221;6em&#8221; alter_height=&#8221;none&#8221; hide_on_mobile=&#8221;1&#8243;][\/vc_column][\/vc_row]\" \/>\n<meta property=\"og:url\" content=\"https:\/\/www.artexlogistic.hu\/contacts\/\" \/>\n<meta property=\"og:site_name\" content=\"Artex\" \/>\n<meta property=\"article:modified_time\" content=\"2025-11-19T16:32:46+00:00\" \/>\n<meta name=\"twitter:card\" content=\"summary_large_image\" \/>\n<meta name=\"twitter:label1\" content=\"Becs\u00fclt olvas\u00e1si id\u0151\" \/>\n\t<meta name=\"twitter:data1\" content=\"1 perc\" \/>\n<script type=\"application\/ld+json\" class=\"yoast-schema-graph\">{\"@context\":\"https:\\\/\\\/schema.org\",\"@graph\":[{\"@type\":\"WebPage\",\"@id\":\"https:\\\/\\\/www.artexlogistic.hu\\\/contacts\\\/\",\"url\":\"https:\\\/\\\/www.artexlogistic.hu\\\/contacts\\\/\",\"name\":\"Kapcsolat - Artex\",\"isPartOf\":{\"@id\":\"https:\\\/\\\/stagin-gtpages.com\\\/artex\\\/#website\"},\"datePublished\":\"2016-12-02T15:02:28+00:00\",\"dateModified\":\"2025-11-19T16:32:46+00:00\",\"breadcrumb\":{\"@id\":\"https:\\\/\\\/www.artexlogistic.hu\\\/contacts\\\/#breadcrumb\"},\"inLanguage\":\"hu\",\"potentialAction\":[{\"@type\":\"ReadAction\",\"target\":[\"https:\\\/\\\/www.artexlogistic.hu\\\/contacts\\\/\"]}]},{\"@type\":\"BreadcrumbList\",\"@id\":\"https:\\\/\\\/www.artexlogistic.hu\\\/contacts\\\/#breadcrumb\",\"itemListElement\":[{\"@type\":\"ListItem\",\"position\":1,\"name\":\"Home\",\"item\":\"https:\\\/\\\/stagin-gtpages.com\\\/artex\\\/\"},{\"@type\":\"ListItem\",\"position\":2,\"name\":\"Kapcsolat\"}]},{\"@type\":\"WebSite\",\"@id\":\"https:\\\/\\\/stagin-gtpages.com\\\/artex\\\/#website\",\"url\":\"https:\\\/\\\/stagin-gtpages.com\\\/artex\\\/\",\"name\":\"Artex\",\"description\":\"M\u0171t\u00e1rgysz\u00e1ll\u00edt\u00e1s\",\"publisher\":{\"@id\":\"https:\\\/\\\/stagin-gtpages.com\\\/artex\\\/#organization\"},\"potentialAction\":[{\"@type\":\"SearchAction\",\"target\":{\"@type\":\"EntryPoint\",\"urlTemplate\":\"https:\\\/\\\/stagin-gtpages.com\\\/artex\\\/?s={search_term_string}\"},\"query-input\":{\"@type\":\"PropertyValueSpecification\",\"valueRequired\":true,\"valueName\":\"search_term_string\"}}],\"inLanguage\":\"hu\"},{\"@type\":\"Organization\",\"@id\":\"https:\\\/\\\/stagin-gtpages.com\\\/artex\\\/#organization\",\"name\":\"Artex\",\"url\":\"https:\\\/\\\/stagin-gtpages.com\\\/artex\\\/\",\"logo\":{\"@type\":\"ImageObject\",\"inLanguage\":\"hu\",\"@id\":\"https:\\\/\\\/stagin-gtpages.com\\\/artex\\\/#\\\/schema\\\/logo\\\/image\\\/\",\"url\":\"https:\\\/\\\/stagin-gtpages.com\\\/artex\\\/wp-content\\\/uploads\\\/2025\\\/11\\\/cropped-logo_bordo_white_bg-1.png\",\"contentUrl\":\"https:\\\/\\\/stagin-gtpages.com\\\/artex\\\/wp-content\\\/uploads\\\/2025\\\/11\\\/cropped-logo_bordo_white_bg-1.png\",\"width\":434,\"height\":360,\"caption\":\"Artex\"},\"image\":{\"@id\":\"https:\\\/\\\/stagin-gtpages.com\\\/artex\\\/#\\\/schema\\\/logo\\\/image\\\/\"}}]}<\/script>\n<!-- \/ Yoast SEO plugin. -->","yoast_head_json":{"title":"Kapcsolat - Artex","robots":{"index":"index","follow":"follow","max-snippet":"max-snippet:-1","max-image-preview":"max-image-preview:large","max-video-preview":"max-video-preview:-1"},"canonical":"https:\/\/www.artexlogistic.hu\/contacts\/","og_locale":"hu_HU","og_type":"article","og_title":"Kapcsolat - Artex","og_description":"[vc_row][vc_column][\/vc_column][\/vc_row][vc_row][vc_column width=&#8221;1\/3&#8243;][\/vc_column][vc_column width=&#8221;1\/3&#8243;][vc_empty_space height=&#8221;0.75em&#8221; alter_height=&#8221;none&#8221; hide_on_mobile=&#8221;&#8221;][vc_custom_heading text=&#8221;Kapcsolat&#8221; font_container=&#8221;tag:h4|text_align:center&#8221; use_theme_fonts=&#8221;yes&#8221; css=&#8221;&#8221;][vc_column_text css=&#8221;&#8221;] Artex Logistic nemzetk\u00f6zi m\u0171t\u00e1rgysz\u00e1ll\u00edt\u00e1s [\/vc_column_text][vc_empty_space height=&#8221;22px&#8221; alter_height=&#8221;none&#8221; hide_on_mobile=&#8221;&#8221;][vc_column_text css=&#8221;&#8221;] Radosty\u00e1n Henrik Szakmai Ir\u00e1ny\u00edt\u00f3 +36 30 341 9643 kapcsolat@artexlogistic.hu [\/vc_column_text][vc_empty_space height=&#8221;20px&#8221; alter_height=&#8221;none&#8221; hide_on_mobile=&#8221;&#8221;][\/vc_column][vc_column width=&#8221;1\/3&#8243;][\/vc_column][\/vc_row][vc_row][vc_column][vc_empty_space height=&#8221;2.2em&#8221; alter_height=&#8221;none&#8221; hide_on_mobile=&#8221;&#8221;][vc_empty_space height=&#8221;6em&#8221; alter_height=&#8221;none&#8221; hide_on_mobile=&#8221;1&#8243;][\/vc_column][\/vc_row]","og_url":"https:\/\/www.artexlogistic.hu\/contacts\/","og_site_name":"Artex","article_modified_time":"2025-11-19T16:32:46+00:00","twitter_card":"summary_large_image","twitter_misc":{"Becs\u00fclt olvas\u00e1si id\u0151":"1 perc"},"schema":{"@context":"https:\/\/schema.org","@graph":[{"@type":"WebPage","@id":"https:\/\/www.artexlogistic.hu\/contacts\/","url":"https:\/\/www.artexlogistic.hu\/contacts\/","name":"Kapcsolat - Artex","isPartOf":{"@id":"https:\/\/stagin-gtpages.com\/artex\/#website"},"datePublished":"2016-12-02T15:02:28+00:00","dateModified":"2025-11-19T16:32:46+00:00","breadcrumb":{"@id":"https:\/\/www.artexlogistic.hu\/contacts\/#breadcrumb"},"inLanguage":"hu","potentialAction":[{"@type":"ReadAction","target":["https:\/\/www.artexlogistic.hu\/contacts\/"]}]},{"@type":"BreadcrumbList","@id":"https:\/\/www.artexlogistic.hu\/contacts\/#breadcrumb","itemListElement":[{"@type":"ListItem","position":1,"name":"Home","item":"https:\/\/stagin-gtpages.com\/artex\/"},{"@type":"ListItem","position":2,"name":"Kapcsolat"}]},{"@type":"WebSite","@id":"https:\/\/stagin-gtpages.com\/artex\/#website","url":"https:\/\/stagin-gtpages.com\/artex\/","name":"Artex","description":"M\u0171t\u00e1rgysz\u00e1ll\u00edt\u00e1s","publisher":{"@id":"https:\/\/stagin-gtpages.com\/artex\/#organization"},"potentialAction":[{"@type":"SearchAction","target":{"@type":"EntryPoint","urlTemplate":"https:\/\/stagin-gtpages.com\/artex\/?s={search_term_string}"},"query-input":{"@type":"PropertyValueSpecification","valueRequired":true,"valueName":"search_term_string"}}],"inLanguage":"hu"},{"@type":"Organization","@id":"https:\/\/stagin-gtpages.com\/artex\/#organization","name":"Artex","url":"https:\/\/stagin-gtpages.com\/artex\/","logo":{"@type":"ImageObject","inLanguage":"hu","@id":"https:\/\/stagin-gtpages.com\/artex\/#\/schema\/logo\/image\/","url":"https:\/\/stagin-gtpages.com\/artex\/wp-content\/uploads\/2025\/11\/cropped-logo_bordo_white_bg-1.png","contentUrl":"https:\/\/stagin-gtpages.com\/artex\/wp-content\/uploads\/2025\/11\/cropped-logo_bordo_white_bg-1.png","width":434,"height":360,"caption":"Artex"},"image":{"@id":"https:\/\/stagin-gtpages.com\/artex\/#\/schema\/logo\/image\/"}}]}},"_links":{"self":[{"href":"https:\/\/stagin-gtpages.com\/artex\/wp-json\/wp\/v2\/pages\/43","targetHints":{"allow":["GET"]}}],"collection":[{"href":"https:\/\/stagin-gtpages.com\/artex\/wp-json\/wp\/v2\/pages"}],"about":[{"href":"https:\/\/stagin-gtpages.com\/artex\/wp-json\/wp\/v2\/types\/page"}],"author":[{"embeddable":true,"href":"https:\/\/stagin-gtpages.com\/artex\/wp-json\/wp\/v2\/users\/1"}],"replies":[{"embeddable":true,"href":"https:\/\/stagin-gtpages.com\/artex\/wp-json\/wp\/v2\/comments?post=43"}],"version-history":[{"count":6,"href":"https:\/\/stagin-gtpages.com\/artex\/wp-json\/wp\/v2\/pages\/43\/revisions"}],"predecessor-version":[{"id":1148,"href":"https:\/\/stagin-gtpages.com\/artex\/wp-json\/wp\/v2\/pages\/43\/revisions\/1148"}],"wp:attachment":[{"href":"https:\/\/stagin-gtpages.com\/artex\/wp-json\/wp\/v2\/media?parent=43"}],"curies":[{"name":"wp","href":"https:\/\/api.w.org\/{rel}","templated":true}]}}